{"id":1184,"date":"2022-07-19T16:32:54","date_gmt":"2022-07-19T21:32:54","guid":{"rendered":"https:\/\/santillan.ec\/?page_id=1184"},"modified":"2024-10-12T12:06:44","modified_gmt":"2024-10-12T17:06:44","slug":"jose-maria-moran","status":"publish","type":"page","link":"https:\/\/santillan.ec\/en\/jose-maria-moran\/","title":{"rendered":"Jose Maria Moran"},"content":{"rendered":"<div data-elementor-type=\"wp-page\" data-elementor-id=\"1184\" class=\"elementor elementor-1184\" data-elementor-post-type=\"page\">\n\t\t\t\t\t\t<section class=\"elementor-section elementor-top-section elementor-element elementor-element-25227dc elementor-section-stretched elementor-section-boxed elementor-section-height-default elementor-section-height-default\" data-id=\"25227dc\" data-element_type=\"section\" data-e-type=\"section\" data-settings=\"{&quot;stretch_section&quot;:&quot;section-stretched&quot;,&quot;background_background&quot;:&quot;classic&quot;}\">\n\t\t\t\t\t\t\t<div class=\"elementor-background-overlay\"><\/div>\n\t\t\t\t\t\t\t<div class=\"elementor-container elementor-column-gap-wider\">\n\t\t\t\t\t<div class=\"elementor-column elementor-col-100 elementor-top-column elementor-element elementor-element-6dcc24d\" data-id=\"6dcc24d\" data-element_type=\"column\" data-e-type=\"column\">\n\t\t\t<div class=\"elementor-widget-wrap\">\n\t\t\t\t\t\t\t<\/div>\n\t\t<\/div>\n\t\t\t\t\t<\/div>\n\t\t<\/section>\n\t\t\t\t<section class=\"elementor-section elementor-top-section elementor-element elementor-element-9c54796 elementor-section-full_width elementor-section-height-default elementor-section-height-default\" data-id=\"9c54796\" data-element_type=\"section\" data-e-type=\"section\" data-settings=\"{&quot;background_background&quot;:&quot;classic&quot;}\">\n\t\t\t\t\t\t\t<div class=\"elementor-background-overlay\"><\/div>\n\t\t\t\t\t\t\t<div class=\"elementor-container elementor-column-gap-default\">\n\t\t\t\t\t<div class=\"elementor-column elementor-col-100 elementor-top-column elementor-element elementor-element-2838832\" data-id=\"2838832\" data-element_type=\"column\" data-e-type=\"column\" data-settings=\"{&quot;background_background&quot;:&quot;classic&quot;}\">\n\t\t\t<div class=\"elementor-widget-wrap elementor-element-populated\">\n\t\t\t\t\t\t<section class=\"elementor-section elementor-inner-section elementor-element elementor-element-467b86c elementor-section-boxed elementor-section-height-default elementor-section-height-default\" data-id=\"467b86c\" data-element_type=\"section\" data-e-type=\"section\">\n\t\t\t\t\t\t<div class=\"elementor-container elementor-column-gap-default\">\n\t\t\t\t\t<div class=\"elementor-column elementor-col-50 elementor-inner-column elementor-element elementor-element-b3dba34\" data-id=\"b3dba34\" data-element_type=\"column\" data-e-type=\"column\">\n\t\t\t<div class=\"elementor-widget-wrap elementor-element-populated\">\n\t\t\t\t\t\t<div class=\"elementor-element elementor-element-76d0d66 elementor-widget elementor-widget-image\" data-id=\"76d0d66\" data-element_type=\"widget\" data-e-type=\"widget\" data-widget_type=\"image.default\">\n\t\t\t\t<div class=\"elementor-widget-container\">\n\t\t\t\t\t\t\t\t\t\t\t\t\t\t\t<img fetchpriority=\"high\" decoding=\"async\" width=\"683\" height=\"1024\" src=\"https:\/\/santillan.ec\/wp-content\/uploads\/2024\/10\/JoseMariaMoran2024-683x1024.jpg\" class=\"attachment-large size-large wp-image-2020\" alt=\"\" srcset=\"https:\/\/santillan.ec\/wp-content\/uploads\/2024\/10\/JoseMariaMoran2024-683x1024.jpg 683w, https:\/\/santillan.ec\/wp-content\/uploads\/2024\/10\/JoseMariaMoran2024-200x300.jpg 200w, https:\/\/santillan.ec\/wp-content\/uploads\/2024\/10\/JoseMariaMoran2024-768x1152.jpg 768w, https:\/\/santillan.ec\/wp-content\/uploads\/2024\/10\/JoseMariaMoran2024-1024x1536.jpg 1024w, https:\/\/santillan.ec\/wp-content\/uploads\/2024\/10\/JoseMariaMoran2024-8x12.jpg 8w, https:\/\/santillan.ec\/wp-content\/uploads\/2024\/10\/JoseMariaMoran2024-50x75.jpg 50w, https:\/\/santillan.ec\/wp-content\/uploads\/2024\/10\/JoseMariaMoran2024-480x720.jpg 480w, https:\/\/santillan.ec\/wp-content\/uploads\/2024\/10\/JoseMariaMoran2024.jpg 1080w\" sizes=\"(max-width:767px) 480px, 683px\" \/>\t\t\t\t\t\t\t\t\t\t\t\t\t\t\t<\/div>\n\t\t\t\t<\/div>\n\t\t\t\t\t<\/div>\n\t\t<\/div>\n\t\t\t\t<div class=\"elementor-column elementor-col-50 elementor-inner-column elementor-element elementor-element-e394a04\" data-id=\"e394a04\" data-element_type=\"column\" data-e-type=\"column\">\n\t\t\t<div class=\"elementor-widget-wrap elementor-element-populated\">\n\t\t\t\t\t\t<div class=\"elementor-element elementor-element-ffee2be elementor-widget elementor-widget-text-editor\" data-id=\"ffee2be\" data-element_type=\"widget\" data-e-type=\"widget\" data-widget_type=\"text-editor.default\">\n\t\t\t\t<div class=\"elementor-widget-container\">\n\t\t\t\t\t\t\t\t\t<p style=\"text-align: left;\"><span style=\"color: #ffffff;\"><span style=\"color: #0c1d2d;\">Jos\u00e9 Mar\u00eda Mor\u00e1n<\/span><\/span><\/p>\t\t\t\t\t\t\t\t<\/div>\n\t\t\t\t<\/div>\n\t\t\t\t<div class=\"elementor-element elementor-element-e8063f3 elementor-widget elementor-widget-text-editor\" data-id=\"e8063f3\" data-element_type=\"widget\" data-e-type=\"widget\" data-widget_type=\"text-editor.default\">\n\t\t\t\t<div class=\"elementor-widget-container\">\n\t\t\t\t\t\t\t\t\t<p style=\"text-align: left;\">Partner<\/p>\t\t\t\t\t\t\t\t<\/div>\n\t\t\t\t<\/div>\n\t\t\t\t<div class=\"elementor-element elementor-element-796f8c3 elementor-align-start elementor-icon-list--layout-traditional elementor-list-item-link-full_width elementor-widget elementor-widget-icon-list\" data-id=\"796f8c3\" data-element_type=\"widget\" data-e-type=\"widget\" data-widget_type=\"icon-list.default\">\n\t\t\t\t<div class=\"elementor-widget-container\">\n\t\t\t\t\t\t\t<ul class=\"elementor-icon-list-items\">\n\t\t\t\t\t\t\t<li class=\"elementor-icon-list-item\">\n\t\t\t\t\t\t\t\t\t\t\t<span class=\"elementor-icon-list-icon\">\n\t\t\t\t\t\t\t<i aria-hidden=\"true\" class=\"fas fa-city\"><\/i>\t\t\t\t\t\t<\/span>\n\t\t\t\t\t\t\t\t\t\t<span class=\"elementor-icon-list-text\">Quito - Ecuador<\/span>\n\t\t\t\t\t\t\t\t\t<\/li>\n\t\t\t\t\t\t\t\t<li class=\"elementor-icon-list-item\">\n\t\t\t\t\t\t\t\t\t\t\t<span class=\"elementor-icon-list-icon\">\n\t\t\t\t\t\t\t<i aria-hidden=\"true\" class=\"fas fa-phone-square\"><\/i>\t\t\t\t\t\t<\/span>\n\t\t\t\t\t\t\t\t\t\t<span class=\"elementor-icon-list-text\">+593 99 219 7292<\/span>\n\t\t\t\t\t\t\t\t\t<\/li>\n\t\t\t\t\t\t\t\t<li class=\"elementor-icon-list-item\">\n\t\t\t\t\t\t\t\t\t\t\t<span class=\"elementor-icon-list-icon\">\n\t\t\t\t\t\t\t<i aria-hidden=\"true\" class=\"fas fa-mail-bulk\"><\/i>\t\t\t\t\t\t<\/span>\n\t\t\t\t\t\t\t\t\t\t<span class=\"elementor-icon-list-text\">jmoran@santillan.ec<\/span>\n\t\t\t\t\t\t\t\t\t<\/li>\n\t\t\t\t\t\t<\/ul>\n\t\t\t\t\t\t<\/div>\n\t\t\t\t<\/div>\n\t\t\t\t<div class=\"elementor-element elementor-element-885ef39 elementor-widget elementor-widget-text-editor\" data-id=\"885ef39\" data-element_type=\"widget\" data-e-type=\"widget\" data-widget_type=\"text-editor.default\">\n\t\t\t\t<div class=\"elementor-widget-container\">\n\t\t\t\t\t\t\t\t\t<div class=\"page\" title=\"Page 1\"><div class=\"section\"><div class=\"layoutArea\"><div class=\"column\"><p>Jos\u00e9 Mar\u00eda is a partner at Santill\u00e1n Abogados, with an education that includes a degree of Doctor of Jurisprudence and a law degree for the Courts of the Republic and Bachelor of Legal and Social Sciences from the Pontifical Catholic University of Ecuador, and a Master in Business Law from the Universidad de Vitoria. He has worked for several prestigious Spanish firms: Clifford Chance, Cuatrecasas, Freshfields Bruckhaus Deringer, Garrigues, G\u00f3mez Acebo &amp; Pombo, P\u00e9rez Llorca; and, Ur\u00eda &amp; Men\u00e9ndez.<\/p><p>His ongoing desire to seek out professional growth and transcendence has drawn him to his work as professor of Labor Law, Economic Law, and Business Environment at the Faculty of Law of the University of the Americas UDLA in the city of Quito, and of International Economic Law and International Negotiation at the Faculty of Human Sciences and International Relations of the Pontificia Universidad Cat\u00f3lica del Ecuador. In addition, he has taught courses on negotiation, labor matters, business regulations, and legal aspects for different universities and public and private institutions of recognized prestige in Ecuador. Additionally, he has published numerous articles on legal topics, highlighting, among others, those referring to: Misleading Advertising, First Demand Guarantee, Syndicated Credit, Consumer Rights, and Advertising Regulation on the Internet.<\/p><p>He specializes in corporate law and, especially, public and private contracting, labor matters, alternative conflict resolution through mediation, direct negotiation and arbitration, and from 2014 to 2017, he served as Seventeenth Substitute Notary of the Quito Canton, after qualification by the Judicial Council of the Republic of Ecuador.<\/p><\/div><\/div><\/div><\/div>\t\t\t\t\t\t\t\t<\/div>\n\t\t\t\t<\/div>\n\t\t\t\t\t<\/div>\n\t\t<\/div>\n\t\t\t\t\t<\/div>\n\t\t<\/section>\n\t\t\t\t\t<\/div>\n\t\t<\/div>\n\t\t\t\t\t<\/div>\n\t\t<\/section>\n\t\t\t\t<\/div>","protected":false},"excerpt":{"rendered":"<p>Jos\u00e9 Mar\u00eda Mor\u00e1n Socio Quito &#8211; Ecuador +593 99 219 7292 jmoran@santillan.ec Es socio de Santill\u00e1n Abogados, y tiene una s\u00f3lida formaci\u00f3n profesional como Doctor en<span class=\"excerpt-hellip\"> [\u2026]<\/span><\/p>\n","protected":false},"author":1,"featured_media":0,"parent":0,"menu_order":0,"comment_status":"closed","ping_status":"closed","template":"","meta":{"footnotes":""},"class_list":["post-1184","page","type-page","status-publish","hentry"],"_links":{"self":[{"href":"https:\/\/santillan.ec\/en\/wp-json\/wp\/v2\/pages\/1184","targetHints":{"allow":["GET"]}}],"collection":[{"href":"https:\/\/santillan.ec\/en\/wp-json\/wp\/v2\/pages"}],"about":[{"href":"https:\/\/santillan.ec\/en\/wp-json\/wp\/v2\/types\/page"}],"author":[{"embeddable":true,"href":"https:\/\/santillan.ec\/en\/wp-json\/wp\/v2\/users\/1"}],"replies":[{"embeddable":true,"href":"https:\/\/santillan.ec\/en\/wp-json\/wp\/v2\/comments?post=1184"}],"version-history":[{"count":0,"href":"https:\/\/santillan.ec\/en\/wp-json\/wp\/v2\/pages\/1184\/revisions"}],"wp:attachment":[{"href":"https:\/\/santillan.ec\/en\/wp-json\/wp\/v2\/media?parent=1184"}],"curies":[{"name":"wp","href":"https:\/\/api.w.org\/{rel}","templated":true}]}}