{"id":1651,"date":"2023-03-01T16:44:38","date_gmt":"2023-03-01T21:44:38","guid":{"rendered":"https:\/\/santillan.ec\/?page_id=1651"},"modified":"2024-10-13T07:07:44","modified_gmt":"2024-10-13T12:07:44","slug":"lucia-guevara","status":"publish","type":"page","link":"https:\/\/santillan.ec\/en\/lucia-guevara\/","title":{"rendered":"Luc\u00eda Guevara"},"content":{"rendered":"<div data-elementor-type=\"wp-page\" data-elementor-id=\"1651\" class=\"elementor elementor-1651\" data-elementor-post-type=\"page\">\n\t\t\t\t\t\t<section class=\"elementor-section elementor-top-section elementor-element elementor-element-25227dc elementor-section-stretched elementor-section-boxed elementor-section-height-default elementor-section-height-default\" data-id=\"25227dc\" data-element_type=\"section\" data-e-type=\"section\" data-settings=\"{&quot;stretch_section&quot;:&quot;section-stretched&quot;,&quot;background_background&quot;:&quot;classic&quot;}\">\n\t\t\t\t\t\t\t<div class=\"elementor-background-overlay\"><\/div>\n\t\t\t\t\t\t\t<div class=\"elementor-container elementor-column-gap-wider\">\n\t\t\t\t\t<div class=\"elementor-column elementor-col-100 elementor-top-column elementor-element elementor-element-6dcc24d\" data-id=\"6dcc24d\" data-element_type=\"column\" data-e-type=\"column\">\n\t\t\t<div class=\"elementor-widget-wrap\">\n\t\t\t\t\t\t\t<\/div>\n\t\t<\/div>\n\t\t\t\t\t<\/div>\n\t\t<\/section>\n\t\t\t\t<section class=\"elementor-section elementor-top-section elementor-element elementor-element-9c54796 elementor-section-full_width elementor-section-height-default elementor-section-height-default\" data-id=\"9c54796\" data-element_type=\"section\" data-e-type=\"section\" data-settings=\"{&quot;background_background&quot;:&quot;classic&quot;}\">\n\t\t\t\t\t\t\t<div class=\"elementor-background-overlay\"><\/div>\n\t\t\t\t\t\t\t<div class=\"elementor-container elementor-column-gap-default\">\n\t\t\t\t\t<div class=\"elementor-column elementor-col-100 elementor-top-column elementor-element elementor-element-2838832\" data-id=\"2838832\" data-element_type=\"column\" data-e-type=\"column\" data-settings=\"{&quot;background_background&quot;:&quot;classic&quot;}\">\n\t\t\t<div class=\"elementor-widget-wrap elementor-element-populated\">\n\t\t\t\t\t\t<section class=\"elementor-section elementor-inner-section elementor-element elementor-element-467b86c elementor-section-boxed elementor-section-height-default elementor-section-height-default\" data-id=\"467b86c\" data-element_type=\"section\" data-e-type=\"section\">\n\t\t\t\t\t\t<div class=\"elementor-container elementor-column-gap-default\">\n\t\t\t\t\t<div class=\"elementor-column elementor-col-50 elementor-inner-column elementor-element elementor-element-b3dba34\" data-id=\"b3dba34\" data-element_type=\"column\" data-e-type=\"column\">\n\t\t\t<div class=\"elementor-widget-wrap elementor-element-populated\">\n\t\t\t\t\t\t<div class=\"elementor-element elementor-element-76d0d66 elementor-widget elementor-widget-image\" data-id=\"76d0d66\" data-element_type=\"widget\" data-e-type=\"widget\" data-widget_type=\"image.default\">\n\t\t\t\t<div class=\"elementor-widget-container\">\n\t\t\t\t\t\t\t\t\t\t\t\t\t\t\t<img fetchpriority=\"high\" decoding=\"async\" width=\"683\" height=\"1024\" src=\"https:\/\/santillan.ec\/wp-content\/uploads\/2024\/10\/LuciaGuevara2024-683x1024.jpg\" class=\"attachment-large size-large wp-image-2021\" alt=\"\" srcset=\"https:\/\/santillan.ec\/wp-content\/uploads\/2024\/10\/LuciaGuevara2024-683x1024.jpg 683w, https:\/\/santillan.ec\/wp-content\/uploads\/2024\/10\/LuciaGuevara2024-200x300.jpg 200w, https:\/\/santillan.ec\/wp-content\/uploads\/2024\/10\/LuciaGuevara2024-768x1152.jpg 768w, https:\/\/santillan.ec\/wp-content\/uploads\/2024\/10\/LuciaGuevara2024-1024x1536.jpg 1024w, https:\/\/santillan.ec\/wp-content\/uploads\/2024\/10\/LuciaGuevara2024-8x12.jpg 8w, https:\/\/santillan.ec\/wp-content\/uploads\/2024\/10\/LuciaGuevara2024-50x75.jpg 50w, https:\/\/santillan.ec\/wp-content\/uploads\/2024\/10\/LuciaGuevara2024-480x720.jpg 480w, https:\/\/santillan.ec\/wp-content\/uploads\/2024\/10\/LuciaGuevara2024.jpg 1080w\" sizes=\"(max-width:767px) 480px, 683px\" \/>\t\t\t\t\t\t\t\t\t\t\t\t\t\t\t<\/div>\n\t\t\t\t<\/div>\n\t\t\t\t\t<\/div>\n\t\t<\/div>\n\t\t\t\t<div class=\"elementor-column elementor-col-50 elementor-inner-column elementor-element elementor-element-e394a04\" data-id=\"e394a04\" data-element_type=\"column\" data-e-type=\"column\">\n\t\t\t<div class=\"elementor-widget-wrap elementor-element-populated\">\n\t\t\t\t\t\t<div class=\"elementor-element elementor-element-ffee2be elementor-widget elementor-widget-text-editor\" data-id=\"ffee2be\" data-element_type=\"widget\" data-e-type=\"widget\" data-widget_type=\"text-editor.default\">\n\t\t\t\t<div class=\"elementor-widget-container\">\n\t\t\t\t\t\t\t\t\t<p style=\"text-align: left;\"><span style=\"color: #ffffff;\"><span style=\"color: #0c1d2d;\">Luc\u00eda Guevara<\/span><\/span><\/p>\t\t\t\t\t\t\t\t<\/div>\n\t\t\t\t<\/div>\n\t\t\t\t<div class=\"elementor-element elementor-element-e8063f3 elementor-widget elementor-widget-text-editor\" data-id=\"e8063f3\" data-element_type=\"widget\" data-e-type=\"widget\" data-widget_type=\"text-editor.default\">\n\t\t\t\t<div class=\"elementor-widget-container\">\n\t\t\t\t\t\t\t\t\t<p style=\"text-align: left;\">Senior Legal Assistant<\/p>\t\t\t\t\t\t\t\t<\/div>\n\t\t\t\t<\/div>\n\t\t\t\t<div class=\"elementor-element elementor-element-796f8c3 elementor-align-start elementor-icon-list--layout-traditional elementor-list-item-link-full_width elementor-widget elementor-widget-icon-list\" data-id=\"796f8c3\" data-element_type=\"widget\" data-e-type=\"widget\" data-widget_type=\"icon-list.default\">\n\t\t\t\t<div class=\"elementor-widget-container\">\n\t\t\t\t\t\t\t<ul class=\"elementor-icon-list-items\">\n\t\t\t\t\t\t\t<li class=\"elementor-icon-list-item\">\n\t\t\t\t\t\t\t\t\t\t\t<span class=\"elementor-icon-list-icon\">\n\t\t\t\t\t\t\t<i aria-hidden=\"true\" class=\"fas fa-city\"><\/i>\t\t\t\t\t\t<\/span>\n\t\t\t\t\t\t\t\t\t\t<span class=\"elementor-icon-list-text\">Quito - Ecuador<\/span>\n\t\t\t\t\t\t\t\t\t<\/li>\n\t\t\t\t\t\t\t\t<li class=\"elementor-icon-list-item\">\n\t\t\t\t\t\t\t\t\t\t\t<span class=\"elementor-icon-list-icon\">\n\t\t\t\t\t\t\t<i aria-hidden=\"true\" class=\"fas fa-phone-square\"><\/i>\t\t\t\t\t\t<\/span>\n\t\t\t\t\t\t\t\t\t\t<span class=\"elementor-icon-list-text\">+593 99 580 0069<\/span>\n\t\t\t\t\t\t\t\t\t<\/li>\n\t\t\t\t\t\t\t\t<li class=\"elementor-icon-list-item\">\n\t\t\t\t\t\t\t\t\t\t\t<span class=\"elementor-icon-list-icon\">\n\t\t\t\t\t\t\t<i aria-hidden=\"true\" class=\"fas fa-mail-bulk\"><\/i>\t\t\t\t\t\t<\/span>\n\t\t\t\t\t\t\t\t\t\t<span class=\"elementor-icon-list-text\">lguevara@santillan.ec<\/span>\n\t\t\t\t\t\t\t\t\t<\/li>\n\t\t\t\t\t\t<\/ul>\n\t\t\t\t\t\t<\/div>\n\t\t\t\t<\/div>\n\t\t\t\t<div class=\"elementor-element elementor-element-885ef39 elementor-widget elementor-widget-text-editor\" data-id=\"885ef39\" data-element_type=\"widget\" data-e-type=\"widget\" data-widget_type=\"text-editor.default\">\n\t\t\t\t<div class=\"elementor-widget-container\">\n\t\t\t\t\t\t\t\t\t<p>Lucia is a professional in training, exercising her commitment to law through responsible and creative daily performance. She brings extensive experience in different areas of law, especially in real estate and corporate law. She does this to achieve her personal and professional objectives, and challenges herself to achieve positions of greater responsibility and challenges that aid in her professional growth.<\/p><p>Her experience includes company incorporation processes, capital increases, transfer of shares, and others corporate matters. She also is involved in complex real estate structuring processes and their related procedures, which includes creating trusts and fiduciary orders, executing ownership transfers, establishing and cancelling liens, and processing all such matters with the public entities involved, which include Municipalities, Property Registrars, and Commercial Registrars in a wide variety of cases managed by Santill\u00e1n Abogados, including in its relationship with firms outside the country.<\/p>\t\t\t\t\t\t\t\t<\/div>\n\t\t\t\t<\/div>\n\t\t\t\t\t<\/div>\n\t\t<\/div>\n\t\t\t\t\t<\/div>\n\t\t<\/section>\n\t\t\t\t\t<\/div>\n\t\t<\/div>\n\t\t\t\t\t<\/div>\n\t\t<\/section>\n\t\t\t\t<\/div>","protected":false},"excerpt":{"rendered":"<p>Luc\u00eda Guevara Asistente Legal Senior Quito &#8211; Ecuador +593 99 580 0069 lguevara@santillan.ec Profesional en formaci\u00f3n, que ejerce su compromiso con el Derecho a trav\u00e9s de<span class=\"excerpt-hellip\"> [\u2026]<\/span><\/p>\n","protected":false},"author":1,"featured_media":0,"parent":0,"menu_order":0,"comment_status":"closed","ping_status":"closed","template":"","meta":{"footnotes":""},"class_list":["post-1651","page","type-page","status-publish","hentry"],"_links":{"self":[{"href":"https:\/\/santillan.ec\/en\/wp-json\/wp\/v2\/pages\/1651","targetHints":{"allow":["GET"]}}],"collection":[{"href":"https:\/\/santillan.ec\/en\/wp-json\/wp\/v2\/pages"}],"about":[{"href":"https:\/\/santillan.ec\/en\/wp-json\/wp\/v2\/types\/page"}],"author":[{"embeddable":true,"href":"https:\/\/santillan.ec\/en\/wp-json\/wp\/v2\/users\/1"}],"replies":[{"embeddable":true,"href":"https:\/\/santillan.ec\/en\/wp-json\/wp\/v2\/comments?post=1651"}],"version-history":[{"count":0,"href":"https:\/\/santillan.ec\/en\/wp-json\/wp\/v2\/pages\/1651\/revisions"}],"wp:attachment":[{"href":"https:\/\/santillan.ec\/en\/wp-json\/wp\/v2\/media?parent=1651"}],"curies":[{"name":"wp","href":"https:\/\/api.w.org\/{rel}","templated":true}]}}